{"id":94,"date":"2023-07-28T13:41:37","date_gmt":"2023-07-28T11:41:37","guid":{"rendered":"https:\/\/web.sjoenov.dk\/?page_id=94"},"modified":"2023-09-05T15:17:56","modified_gmt":"2023-09-05T13:17:56","slug":"hosted-backup","status":"publish","type":"page","link":"https:\/\/it-secure.dk\/index.php\/hosted-backup\/","title":{"rendered":"NORDIC-BACKUP"},"content":{"rendered":"\n<hr class=\"wp-block-separator has-alpha-channel-opacity\"\/>\n\n\n\n<figure class=\"wp-block-image size-full is-resized\"><a href=\"https:\/\/nordic-backup.dk\/\" target=\"_blank\" rel=\"noopener\"><img loading=\"lazy\" decoding=\"async\" src=\"https:\/\/it-secure.dk\/wp-content\/uploads\/2023\/09\/SDC.png\" alt=\"viser nordic-backup logo.\" class=\"wp-image-454\" style=\"width:235px;height:118px\" width=\"235\" height=\"118\" title=\"\"><\/a><\/figure>\n\n\n\n<h1 class=\"wp-block-heading\">Hvad er Online backup og hvorfor b\u00f8r du benytte dig af det?<\/h1>\n\n\n\n<h2 class=\"wp-block-heading\">Beskyt dine filer og billeder<\/h2>\n\n\n\n<p>Der var engang hvor vi havde fotoalbum liggende i et skab, og sorteringsbakker til alle de vigtige dokumenter. I dag har vi langt de fleste af vores minder, billeder og dokumenter opbevaret digitalt. Det er ikke kun familiealbummet der er blevet digitaliseret, men ogs\u00e5 de vigtige dokumenter, som vi i dag har liggende i mapper p\u00e5 computeren. Det fylder meget mindre, og er langt lettere at s\u00f8ge og sortere i, men er det sikkert?<\/p>\n\n\n\n<p>En brand eller indbrud ja m\u00e5ske et computernedbrud ville g\u00f8re at man mistede en masse vigtige dokumenter eller billeder. Der skal ikke meget til f\u00f8r alt hvad man har opbygget og gemt, er v\u00e6k og tabt p\u00e5 et \u00f8jeblik. Derfor er det vigtigt at man sikrer sig mod at miste det. Men hvordan sikrer man sig s\u00e5 mod at miste det?<\/p>\n\n\n\n<p><\/p>\n\n\n\n<h2 class=\"wp-block-heading\">Nordic backup sikrer dine ting i skyen<\/h2>\n\n\n\n<p>Nordick backup er et v\u00e6rkt\u00f8j til at sikre alle sine personlige dokumenter og filer bliver lagt i en online backup. P\u00e5 den m\u00e5de kan dine filer gemmes i \u201cskyen\u201d, s\u00e5 de er sikret mod at kunne g\u00e5 tabt. Det giver en tryghed i hverdagen at hvis ens computer g\u00e5 i stykker eller andet, s\u00e5 er alle ens data sikret og kan downloades igen.<\/p>\n\n\n\n<p><\/p>\n\n\n\n<h2 class=\"wp-block-heading\">Tryghed og sikker opbevaring af data<\/h2>\n\n\n\n<p>Med Nordic backup af alle ens filer f\u00e5r man derfor tryghed mod nogensinde at miste dyrebare filer.<\/p>\n\n\n\n<p>Der findes mange forskellige l\u00f8sninger p\u00e5 markedet, og det kan v\u00e6re sv\u00e6rt at finde ud af hvad der er det bedste at bruge. Der findes nogen med en lille smule gratis plads, og nogen man skal betale for. Det er ikke helt uv\u00e6sentligt at man ikke g\u00e5r p\u00e5 kompromis med sikkerheden og kvaliteten, n\u00e5r det nu er alle ens personlige filer det drejer sig om. Jeg vil anbefaler at man benytter\u00a0<a href=\"https:\/\/nordic-backup.dk\/\" target=\"_blank\" rel=\"noopener\">Nordic backup<\/a>, som er danskejet, og tilbyder det h\u00f8jeste niveau af sikkerhed for dine data.<\/p>\n\n\n\n<p><a href=\"https:\/\/it-secure.dk\">Tilbage til forsiden.<\/a><\/p>\n","protected":false},"excerpt":{"rendered":"<p>Hvad er Online backup og hvorfor b\u00f8r du benytte dig af det? Beskyt dine filer [&hellip;]<\/p>\n","protected":false},"author":1,"featured_media":0,"parent":0,"menu_order":0,"comment_status":"closed","ping_status":"closed","template":"","meta":{"footnotes":""},"class_list":["post-94","page","type-page","status-publish","hentry"],"_links":{"self":[{"href":"https:\/\/it-secure.dk\/index.php\/wp-json\/wp\/v2\/pages\/94","targetHints":{"allow":["GET"]}}],"collection":[{"href":"https:\/\/it-secure.dk\/index.php\/wp-json\/wp\/v2\/pages"}],"about":[{"href":"https:\/\/it-secure.dk\/index.php\/wp-json\/wp\/v2\/types\/page"}],"author":[{"embeddable":true,"href":"https:\/\/it-secure.dk\/index.php\/wp-json\/wp\/v2\/users\/1"}],"replies":[{"embeddable":true,"href":"https:\/\/it-secure.dk\/index.php\/wp-json\/wp\/v2\/comments?post=94"}],"version-history":[{"count":21,"href":"https:\/\/it-secure.dk\/index.php\/wp-json\/wp\/v2\/pages\/94\/revisions"}],"predecessor-version":[{"id":530,"href":"https:\/\/it-secure.dk\/index.php\/wp-json\/wp\/v2\/pages\/94\/revisions\/530"}],"wp:attachment":[{"href":"https:\/\/it-secure.dk\/index.php\/wp-json\/wp\/v2\/media?parent=94"}],"curies":[{"name":"wp","href":"https:\/\/api.w.org\/{rel}","templated":true}]}}