{"id":90,"date":"2023-07-28T13:38:50","date_gmt":"2023-07-28T11:38:50","guid":{"rendered":"https:\/\/web.sjoenov.dk\/?page_id=90"},"modified":"2023-09-07T14:05:47","modified_gmt":"2023-09-07T12:05:47","slug":"zyxel","status":"publish","type":"page","link":"https:\/\/it-secure.dk\/index.php\/zyxel\/","title":{"rendered":"ZYXEL"},"content":{"rendered":"\n<hr class=\"wp-block-separator has-alpha-channel-opacity\"\/>\n\n\n\n<figure class=\"wp-block-image\"><img decoding=\"async\" src=\"https:\/\/static1.s123-cdn-static-a.com\/uploads\/6928373\/800_635184562c242.png\" alt=\"Zyxel\" title=\"\"><\/figure>\n\n\n\n<p><a href=\"https:\/\/www.zyxel.com\/dk\/da\" target=\"_blank\" rel=\"noopener\">zyxel.com<\/a><\/p>\n\n\n\n<p>Med et produkt fra zyxel kan du v\u00e6re sikker p\u00e5 et stabilt netv\u00e6rk. Mangler du wifi d\u00e6kning i dit hjem eller p\u00e5 kontoret, S\u00e5 lad mig montere wifi udstyr og du er  garateret god d\u00e6kning. med et hurtigt og stabilt Wi-Fi 6E opn\u00e5r du h\u00f8je hastighed ogs\u00e5 p\u00e5 dit tr\u00e5dl\u00f8se net. skal sikkerheden v\u00e6re i top skal der monteret Firewall p\u00e5 dit netv\u00e6rk. Med dette udstyr f\u00e5r du overv\u00e5get dit hardware og sikkerhed for at du altid har den sidste nye software installeret. Du f\u00e5r adgang til <a href=\"https:\/\/accounts.myzyxel.com\/users\/sign_in\" target=\"_blank\" rel=\"noopener\">Zyxel-nebula <\/a>hvor du selv kan skifte password p\u00e5 til tr\u00e5dl\u00f8se net og meget mere.<\/p>\n\n\n\n<p><a href=\"https:\/\/it-secure.dk\/index.php\/antivirus-software-og-backup\/\">Se mere om sikkerheds software.<\/a><\/p>\n","protected":false},"excerpt":{"rendered":"<p>zyxel.com Med et produkt fra zyxel kan du v\u00e6re sikker p\u00e5 et stabilt netv\u00e6rk. Mangler [&hellip;]<\/p>\n","protected":false},"author":1,"featured_media":0,"parent":0,"menu_order":0,"comment_status":"closed","ping_status":"closed","template":"","meta":{"footnotes":""},"class_list":["post-90","page","type-page","status-publish","hentry"],"_links":{"self":[{"href":"https:\/\/it-secure.dk\/index.php\/wp-json\/wp\/v2\/pages\/90","targetHints":{"allow":["GET"]}}],"collection":[{"href":"https:\/\/it-secure.dk\/index.php\/wp-json\/wp\/v2\/pages"}],"about":[{"href":"https:\/\/it-secure.dk\/index.php\/wp-json\/wp\/v2\/types\/page"}],"author":[{"embeddable":true,"href":"https:\/\/it-secure.dk\/index.php\/wp-json\/wp\/v2\/users\/1"}],"replies":[{"embeddable":true,"href":"https:\/\/it-secure.dk\/index.php\/wp-json\/wp\/v2\/comments?post=90"}],"version-history":[{"count":7,"href":"https:\/\/it-secure.dk\/index.php\/wp-json\/wp\/v2\/pages\/90\/revisions"}],"predecessor-version":[{"id":617,"href":"https:\/\/it-secure.dk\/index.php\/wp-json\/wp\/v2\/pages\/90\/revisions\/617"}],"wp:attachment":[{"href":"https:\/\/it-secure.dk\/index.php\/wp-json\/wp\/v2\/media?parent=90"}],"curies":[{"name":"wp","href":"https:\/\/api.w.org\/{rel}","templated":true}]}}