{"id":81,"date":"2023-07-28T13:33:54","date_gmt":"2023-07-28T11:33:54","guid":{"rendered":"https:\/\/web.sjoenov.dk\/?page_id=81"},"modified":"2023-09-24T21:02:39","modified_gmt":"2023-09-24T19:02:39","slug":"hvad-kan-it-secure-computer-ovarvagning","status":"publish","type":"page","link":"https:\/\/it-secure.dk\/index.php\/hvad-kan-it-secure-computer-ovarvagning\/","title":{"rendered":"Hvad kan it-secure"},"content":{"rendered":"\n<h2 class=\"wp-block-heading\" id=\"section-63516f0d6870e-title\">Hvad kan it-secure<\/h2>\n\n\n\n<hr class=\"wp-block-separator has-alpha-channel-opacity\"\/>\n\n\n\n<figure class=\"wp-block-image\"><img decoding=\"async\" src=\"https:\/\/static1.s123-cdn-static-a.com\/uploads\/6928373\/800_635170f58c49b.jpg\" alt=\"antivirus program\" title=\"\"><\/figure>\n\n\n\n<h3 class=\"wp-block-heading\">WithSecure \/ F-Secure<\/h3>\n\n\n\n<h2 class=\"wp-block-heading\">Antivirus program<\/h2>\n\n\n\n<p>Antivirus program er idag den regtige vejl til en sikrer f\u00e6rden p\u00e5 det store internet. Og med Withsecure sikrer du og at alt software som er indstalleret ogs\u00e5 bliver overv\u00e5get og beskyttet samt opdateret. <a href=\"https:\/\/63514b2d961cc.site123.me\/produkter\/withsecure-f-secure\" target=\"_blank\" rel=\"noopener\">L\u00c6S MERE<\/a><\/p>\n\n\n\n<p><a href=\"https:\/\/63514b2d961cc.site123.me\/produkter\/nordic-backup\" target=\"_blank\" rel=\"noopener\"><\/a><\/p>\n\n\n\n<figure class=\"wp-block-image\"><img decoding=\"async\" src=\"https:\/\/static1.s123-cdn-static-a.com\/uploads\/6928373\/800_63516fec8fac7_filter_6351709901a98.png\" alt=\"cloud backup\" title=\"\"><\/figure>\n\n\n\n<p><a href=\"https:\/\/63514b2d961cc.site123.me\/produkter\/nordic-backup\" target=\"_blank\" rel=\"noopener\"><\/a><\/p>\n\n\n\n<h3 class=\"wp-block-heading\">cloud backup<\/h3>\n\n\n\n<p>Backup Private og for sm\u00e5 og mellemstore virksomheder.N\u00e5r en crypto-virus rammer, mister du ikke kun alle databaser, dokumenter, regneark, markedsf\u00f8ring, medarbejderoplysninger og e-mails, men mange \u00e5rs beslutninger, samarbejde og penge investeret i din virksomhed. Den eneste m\u00e5de at gendanne dine data sikkert, er ved at have en sikkerhedskopi. Mens sikkerhedskopiering i Skyen lever op til alle krav omkring sikkerhed, funktionalitet og pris, s\u00e5 kan en simpel USB n\u00f8gle til 300 kroner ogs\u00e5 v\u00e6re din redning. Med det i mente, har vi herunder samlet flere strategier, sammen med vores \u00e6rlige vurdering af deres effektivitet, p\u00e5lidelighed og pris.<\/p>\n\n\n\n<p><a href=\"https:\/\/63514b2d961cc.site123.me\/produkter\/uni-tel\" target=\"_blank\" rel=\"noopener\"><\/a><\/p>\n\n\n\n<h1 class=\"wp-block-heading\" id=\"section-63516f0d6870e-title\">UNI-TEL<\/h1>\n\n\n\n<figure class=\"wp-block-image is-resized\"><img loading=\"lazy\" decoding=\"async\" src=\"https:\/\/static1.s123-cdn-static-a.com\/uploads\/6928373\/800_635172055a6cf_filter_6351723715c32.png\" alt=\"Uni-tel\" style=\"width:354px;height:180px\" width=\"354\" height=\"180\" title=\"\"><\/figure>\n\n\n\n<h3 class=\"wp-block-heading\">Uni-tel<\/h3>\n\n\n\n<p>Sikkerhed IP-telefoni har en r\u00e6kke fordele, hvad ang\u00e5r sikkerhed. Uni-tel tilbyder bl.a.: Forbrugsgr\u00e6nse der effektivt forhindrer misbrug Access Control Lists der forhindrer uautoriseret adgang D\u00f8gnoverv\u00e5gning af alle systemer og netv\u00e6rk SMS-advarsel hvis forbindelsen til virksomheden brydes \u2013 b\u00e5de til jer og jeres forhandler Automatisk n\u00f8d-viderestilling til mobiltelefoner i tilf\u00e6lde af str\u00f8msvigt i virksomheden Mulig adskillelse af tele- og internettrafik<a href=\"https:\/\/63514b2d961cc.site123.me\/produkter\/uni-tel\" target=\"_blank\" rel=\"noopener\">L\u00c6S MERE<\/a><\/p>\n\n\n\n<p><a href=\"https:\/\/63514b2d961cc.site123.me\/produkter\/zyxel\" target=\"_blank\" rel=\"noopener\"><\/a><\/p>\n\n\n\n<p><a href=\"https:\/\/63514b2d961cc.site123.me\/produkter\/zyxel\" target=\"_blank\" rel=\"noopener\"><\/a><\/p>\n\n\n\n<figure class=\"wp-block-image\"><img decoding=\"async\" src=\"https:\/\/static1.s123-cdn-static-a.com\/uploads\/6928373\/800_635184562c242.png\" alt=\"Zyxel\" title=\"\"><\/figure>\n\n\n\n<p><a href=\"https:\/\/www.zyxel.com\/dk\/da\" target=\"_blank\" rel=\"noopener\">zyxel.com<\/a><\/p>\n\n\n\n<p>Med et produkt fra zyxel kan du v\u00e6re sikker p\u00e5 et stabilt netv\u00e6rk.<\/p>\n\n\n\n<p>Tr\u00e6nger du et hurtigt og stabilt Wi-Fi 6E ?<\/p>\n\n\n\n<p>Med et produkt fra zyxel kan du v\u00e6re sikker p\u00e5 et stabilt netv\u00e6rk. Tr\u00e6nger du et hurtigt og stabilt Wi-Fi 6E ?<a href=\"https:\/\/63514b2d961cc.site123.me\/produkter\/zyxel\" target=\"_blank\" rel=\"noopener\">L\u00c6S MERE<\/a><\/p>\n\n\n\n<p><\/p>\n\n\n\n<p><\/p>\n\n\n\n<figure class=\"wp-block-image size-full is-resized\"><img loading=\"lazy\" decoding=\"async\" src=\"https:\/\/it-secure.dk\/wp-content\/uploads\/2023\/08\/microsoft-365.png\" alt=\"\" class=\"wp-image-304\" style=\"width:354px;height:216px\" width=\"354\" height=\"216\" title=\"\"><\/figure>\n\n\n\n<h3 class=\"wp-block-heading\">Microsoft 365<\/h3>\n\n\n\n<p>Nyt\u00e6nk produktivitet med Microsoft 365 og Microsoft Teams<\/p>\n\n\n\n<p><a href=\"https:\/\/63514b2d961cc.site123.me\/produkter\/microsoft-365\" target=\"_blank\" rel=\"noopener\"><\/a><\/p>\n\n\n\n<figure class=\"wp-block-image\"><img decoding=\"async\" src=\"https:\/\/static1.s123-cdn-static-a.com\/uploads\/6928373\/800_6351872dc19aa.png\" alt=\"Alarm\" title=\"\"><\/figure>\n\n\n\n<h3 class=\"wp-block-heading\">Alarm<\/h3>\n\n\n\n<p>KONTROLCENTRAL Den Jyske Kontrolcentral A\/S er totalleverand\u00f8r af kontrolcentralydelser til det danske sikkerhedsmarked. Med erfarne, professionelle vagtassistenter og moderne udstyr udbyder vi ydelser med h\u00f8j grad af stabilitet og fleksibilitet.<a href=\"https:\/\/63514b2d961cc.site123.me\/produkter\/alarm\" target=\"_blank\" rel=\"noopener\">L\u00c6S MERE<\/a><\/p>\n\n\n\n<p><a href=\"https:\/\/63514b2d961cc.site123.me\/produkter\/tyverialarm-for-erhverv\" target=\"_blank\" rel=\"noopener\"><\/a><\/p>\n\n\n\n<h1 class=\"wp-block-heading\" id=\"section-63516f0d6870e-title\">TYVERIALARM FOR ERHVERV <\/h1>\n\n\n\n<h1 class=\"wp-block-heading\" id=\"section-63516f0d6870e-title\">OG PRIVATE<\/h1>\n\n\n\n<hr class=\"wp-block-separator has-alpha-channel-opacity\"\/>\n\n\n\n<figure class=\"wp-block-image is-resized\"><img loading=\"lazy\" decoding=\"async\" src=\"https:\/\/static1.s123-cdn-static-a.com\/uploads\/6928373\/800_6351879a64e07.png\" alt=\"Tyverialarm for erhverv\" style=\"width:470px;height:66px\" width=\"470\" height=\"66\" title=\"\"><\/figure>\n\n\n\n<p><a href=\"https:\/\/www.spcconnect.com\/\" target=\"_blank\" rel=\"noopener\">spcconnect.com<\/a><\/p>\n\n\n\n<p>Med Alarmanl\u00e6g fra Vanderbilt Har du mere end blot en alarm,<\/p>\n\n\n\n<p>Anl\u00e6get kan udvidet til osse at h\u00e5ndtere Adgangskontrol.<\/p>\n\n\n\n<p><a href=\"https:\/\/63514b2d961cc.site123.me\/produkter\/tr%C3%A5dl%C3%B8s-tyverialarm\" target=\"_blank\" rel=\"noopener\"><\/a><\/p>\n\n\n\n<hr class=\"wp-block-separator has-alpha-channel-opacity\"\/>\n\n\n\n<figure class=\"wp-block-image\"><img decoding=\"async\" src=\"https:\/\/static1.s123-cdn-static-a.com\/uploads\/6928373\/800_63518cbd2951e.png\" alt=\"Video Overv\u00e5gning\" title=\"\"><\/figure>\n\n\n\n<h3 class=\"wp-block-heading\">Video Overv\u00e5gning<\/h3>\n\n\n\n<p>Er du utryg n\u00e5r du forlader dit hjem s\u00e5 f\u00e5 monteret overv\u00e5gning og f\u00f8lg dit hjem p\u00e5 din mobil.<a href=\"https:\/\/63514b2d961cc.site123.me\/produkter\/video-overv%C3%A5gning\" target=\"_blank\" rel=\"noopener\">L\u00c6S MERE<\/a><\/p>\n\n\n\n<p><a href=\"https:\/\/it-secure.dk\">Tilbage til forsiden<\/a><\/p>\n","protected":false},"excerpt":{"rendered":"<p>Hvad kan it-secure WithSecure \/ F-Secure Antivirus program Antivirus program er idag den regtige vejl [&hellip;]<\/p>\n","protected":false},"author":1,"featured_media":0,"parent":0,"menu_order":0,"comment_status":"closed","ping_status":"closed","template":"","meta":{"footnotes":""},"class_list":["post-81","page","type-page","status-publish","hentry"],"_links":{"self":[{"href":"https:\/\/it-secure.dk\/index.php\/wp-json\/wp\/v2\/pages\/81","targetHints":{"allow":["GET"]}}],"collection":[{"href":"https:\/\/it-secure.dk\/index.php\/wp-json\/wp\/v2\/pages"}],"about":[{"href":"https:\/\/it-secure.dk\/index.php\/wp-json\/wp\/v2\/types\/page"}],"author":[{"embeddable":true,"href":"https:\/\/it-secure.dk\/index.php\/wp-json\/wp\/v2\/users\/1"}],"replies":[{"embeddable":true,"href":"https:\/\/it-secure.dk\/index.php\/wp-json\/wp\/v2\/comments?post=81"}],"version-history":[{"count":4,"href":"https:\/\/it-secure.dk\/index.php\/wp-json\/wp\/v2\/pages\/81\/revisions"}],"predecessor-version":[{"id":668,"href":"https:\/\/it-secure.dk\/index.php\/wp-json\/wp\/v2\/pages\/81\/revisions\/668"}],"wp:attachment":[{"href":"https:\/\/it-secure.dk\/index.php\/wp-json\/wp\/v2\/media?parent=81"}],"curies":[{"name":"wp","href":"https:\/\/api.w.org\/{rel}","templated":true}]}}