{"id":43,"date":"2023-07-28T13:05:35","date_gmt":"2023-07-28T11:05:35","guid":{"rendered":"http:\/\/web.sjoenov.dk\/?page_id=43"},"modified":"2026-03-03T19:07:07","modified_gmt":"2026-03-03T17:07:07","slug":"computer-support","status":"publish","type":"page","link":"https:\/\/it-secure.dk\/index.php\/computer-support\/","title":{"rendered":"computer support"},"content":{"rendered":"\n<h2 class=\"wp-block-heading\">Er du p\u00e5 udkik efter computer support.<\/h2>\n\n\n\n<h2 class=\"wp-block-heading\"><strong>fjernsupport<\/strong><\/h2>\n\n\n\n<p>Har du brug for teknisk support via fjernsupport ?<\/p>\n\n\n\n<p>Jeg kan via fjernskrivebord skabe en forbindelse til din pc og se det samme som du ser. ring f\u00f8rst aftal tid tildette support. <\/p>\n\n\n\n<figure class=\"wp-block-image size-full\"><img loading=\"lazy\" decoding=\"async\" width=\"394\" height=\"147\" src=\"https:\/\/it-secure.dk\/wp-content\/uploads\/2026\/03\/teamviewer.png\" alt=\"\" class=\"wp-image-784\" title=\"\"><\/figure>\n\n\n\n<p><a href=\"https:\/\/download.teamviewer.com\/download\/version_13x\/TeamViewer_Setup.exe\" data-type=\"link\" data-id=\"https:\/\/download.teamviewer.com\/download\/version_13x\/TeamViewer_Setup.exe\" target=\"_blank\" rel=\"noopener\">Klik her for at benytte TeamViewer<\/a><\/p>\n\n\n\n<p>&#8212;&#8212;&#8212;&#8212;&#8212;&#8212;&#8212;&#8212;&#8212;&#8212;&#8212;&#8212;&#8212;&#8212;&#8212;&#8212;&#8212;&#8212;&#8212;&#8212;&#8212;&#8212;&#8212;&#8212;&#8212;&#8212;&#8212;&#8212;&#8212;-<\/p>\n\n\n\n<p>Microsoft Hurtig Hj\u00e6lp<\/p>\n\n\n\n<figure class=\"wp-block-image size-full is-resized\"><img loading=\"lazy\" decoding=\"async\" width=\"703\" height=\"278\" src=\"https:\/\/it-secure.dk\/wp-content\/uploads\/2024\/01\/Hurtig-Hjaelp-1.png\" alt=\"\" class=\"wp-image-738\" style=\"width:472px;height:auto\" title=\"\"><\/figure>\n\n\n\n<p><a href=\"https:\/\/apps.microsoft.com\/detail\/9P7BP5VNWKX5?hl=da-DK&amp;gl=DK\" data-type=\"link\" data-id=\"https:\/\/apps.microsoft.com\/detail\/9P7BP5VNWKX5?hl=da-DK&amp;gl=DK\" target=\"_blank\" rel=\"noopener\">Klik her for at benytte Hurtig Hj\u00e6lp<\/a><\/p>\n\n\n\n<p>Er din Computer blevet lagsom eller g\u00f8r den pluselig noget som den ikke plejer at g\u00f8re? er der software som ikke vil som du vil. S\u00e5 er det p\u00e5 tide at du tager kontakt til mig da det kan v\u00e6re et tegn p\u00e5 at noget er galt.<\/p>\n\n\n\n<p>Er din sk\u00e6rm p\u00e5 din b\u00e6rbar g\u00e5et i stykker, s\u00e5 ordner jeg ogs\u00e5 det.<\/p>\n\n\n\n<p>Bliver din pc varm s\u00e5 kunne det v\u00e6re at den tr\u00e6nger til at blive st\u00f8vet af. St\u00f8v i computeren er en af de typiske oversager til den brander af. <\/p>\n\n\n\n<p>Er der blevet for lidt plads p\u00e5 din harddisk, s\u00e5 kan jeg montere en ny uden at du mister dine data.<\/p>\n\n\n\n<p>Har du andere problemer med din computer og bare \u00f8nsker it computer support s\u00e5 ring til mig.<\/p>\n\n\n\n<figure class=\"wp-block-image size-full is-resized\"><img loading=\"lazy\" decoding=\"async\" width=\"500\" height=\"379\" src=\"https:\/\/it-secure.dk\/wp-content\/uploads\/2023\/08\/computer.jpg\" alt=\"computer support n\u00f8dvendig\" class=\"wp-image-354\" style=\"width:454px;height:344px\" title=\"\"><\/figure>\n\n\n\n<p>Eller du p\u00e5 udkig efter netv\u00e6rksudstyr som kan g\u00f8re dit netv\u00e6rk bedre eller hurtigere, s\u00e5 bes\u00f8g <a href=\"https:\/\/www.zyxel.com\/dk\/da\" target=\"_blank\" rel=\"noopener\">Zyxels produktside<\/a> for at se om du kan finde det som du s\u00f8ger.<\/p>\n\n\n\n<p>S\u00e5 er du havnet hos den regtige <a href=\"https:\/\/it-secure.dk\">redningmand<\/a>. <\/p>\n","protected":false},"excerpt":{"rendered":"<p>Er du p\u00e5 udkik efter computer support. fjernsupport Har du brug for teknisk support via [&hellip;]<\/p>\n","protected":false},"author":1,"featured_media":0,"parent":0,"menu_order":0,"comment_status":"closed","ping_status":"closed","template":"","meta":{"footnotes":""},"class_list":["post-43","page","type-page","status-publish","hentry"],"_links":{"self":[{"href":"https:\/\/it-secure.dk\/index.php\/wp-json\/wp\/v2\/pages\/43","targetHints":{"allow":["GET"]}}],"collection":[{"href":"https:\/\/it-secure.dk\/index.php\/wp-json\/wp\/v2\/pages"}],"about":[{"href":"https:\/\/it-secure.dk\/index.php\/wp-json\/wp\/v2\/types\/page"}],"author":[{"embeddable":true,"href":"https:\/\/it-secure.dk\/index.php\/wp-json\/wp\/v2\/users\/1"}],"replies":[{"embeddable":true,"href":"https:\/\/it-secure.dk\/index.php\/wp-json\/wp\/v2\/comments?post=43"}],"version-history":[{"count":20,"href":"https:\/\/it-secure.dk\/index.php\/wp-json\/wp\/v2\/pages\/43\/revisions"}],"predecessor-version":[{"id":789,"href":"https:\/\/it-secure.dk\/index.php\/wp-json\/wp\/v2\/pages\/43\/revisions\/789"}],"wp:attachment":[{"href":"https:\/\/it-secure.dk\/index.php\/wp-json\/wp\/v2\/media?parent=43"}],"curies":[{"name":"wp","href":"https:\/\/api.w.org\/{rel}","templated":true}]}}