{"id":24,"date":"2023-07-26T07:27:56","date_gmt":"2023-07-26T05:27:56","guid":{"rendered":"http:\/\/web.sjoenov.dk\/?page_id=24"},"modified":"2026-03-03T18:59:41","modified_gmt":"2026-03-03T16:59:41","slug":"computer-reparation","status":"publish","type":"page","link":"https:\/\/it-secure.dk\/index.php\/computer-reparation\/","title":{"rendered":"Computer reparation"},"content":{"rendered":"\n<h2 class=\"wp-block-heading\"><strong>fjernsupport<\/strong><\/h2>\n\n\n\n<p>Har du brug for teknisk support via fjernsupport ?<\/p>\n\n\n\n<p>Jeg kan via fjernskrivebord skabe en forbindelse til din pc og se det samme som du ser. ring f\u00f8rst aftal tid tildette support. <\/p>\n\n\n\n<p>Teamviewer<\/p>\n\n\n\n<figure class=\"wp-block-image size-full\"><img loading=\"lazy\" decoding=\"async\" width=\"394\" height=\"147\" src=\"https:\/\/it-secure.dk\/wp-content\/uploads\/2026\/03\/teamviewer.png\" alt=\"\" class=\"wp-image-784\" title=\"\"><\/figure>\n\n\n\n<p><a href=\"https:\/\/download.teamviewer.com\/download\/version_13x\/TeamViewer_Setup.exe\" data-type=\"link\" data-id=\"https:\/\/download.teamviewer.com\/download\/version_13x\/TeamViewer_Setup.exe\" target=\"_blank\" rel=\"noopener\">Klik her for at benytte TeamViewer<\/a><\/p>\n\n\n\n<p>&#8212;&#8212;&#8212;&#8212;&#8212;&#8212;&#8212;&#8212;&#8212;&#8212;&#8212;&#8212;&#8212;&#8212;&#8212;&#8212;&#8212;&#8212;&#8212;&#8212;&#8212;&#8212;&#8212;&#8212;&#8212;&#8212;&#8212;&#8212;&#8212;-<\/p>\n\n\n\n<p><\/p>\n\n\n\n<p>Microsoft Hurtig Hj\u00e6lp<\/p>\n\n\n\n<figure class=\"wp-block-image size-full is-resized\"><a href=\"https:\/\/apps.microsoft.com\/detail\/9P7BP5VNWKX5?hl=da-DK&amp;gl=DK\" target=\"_blank\" rel=\"noopener\"><img loading=\"lazy\" decoding=\"async\" width=\"703\" height=\"278\" src=\"https:\/\/it-secure.dk\/wp-content\/uploads\/2024\/01\/Hurtig-Hjaelp-1.png\" alt=\"\" class=\"wp-image-738\" style=\"width:472px;height:auto\" title=\"\"><\/a><\/figure>\n\n\n\n<h2 class=\"wp-block-heading\">Computer reparation ?<\/h2>\n\n\n\n<p>inden vi kommer igang med at planl\u00e6ggen en Computer reparation, er der lige noget som vi skal have afklaret f\u00f8rst.Er fejl periodisk eller opst\u00e5r fejlen selv og forsvinder selv.<\/p>\n\n\n\n<p><\/p>\n\n\n\n<h3 class=\"wp-block-heading\">Computer Assens, H\u00e5rby, Glamsbjerg,<\/h3>\n\n\n\n<p>Har du brug for Hj\u00e6lp til din computer kommer jeg gerne og hj\u00e6lper dig med det.                                               jeg k\u00f8rer ud p\u00e5 hele fyn ring og h\u00f8r n\u00e6rmere.<\/p>\n\n\n\n<p>Jeg har samlet to vigtige test som vi lige skal starte med.<\/p>\n\n\n\n<p>Hvis du vil teste din internet hastighed kan v\u00e6rkt\u00f8jet&nbsp;<a href=\"http:\/\/beta.speedtest.net\/\" target=\"_blank\" rel=\"noreferrer noopener\"><strong><mark style=\"background-color:rgba(0, 0, 0, 0)\" class=\"has-inline-color has-primary-color\">SpeedTest.Net<\/mark><\/strong><\/a>&nbsp;benyttes. N\u00e5r du tester kan du se om man har den hastighed man egentlig betaler for, og for det andet om den m\u00e5ske skal opgraderes.<\/p>\n\n\n\n<p>(For normal arbejdshastighed anbefales 30-50 Mbit\/s download pr. og upload p\u00e5 min. 8-10 Mbit\/s ). <\/p>\n\n\n\n<p><\/p>\n\n\n\n<figure class=\"wp-block-image size-full is-resized\"><img loading=\"lazy\" decoding=\"async\" width=\"720\" height=\"124\" src=\"https:\/\/it-secure.dk\/wp-content\/uploads\/2023\/08\/speedtest.png\" alt=\"Computer reparation ? billed af m\u00e5lt internet hastighed.\" class=\"wp-image-307\" style=\"width:898px;height:155px\" title=\"\"><\/figure>\n\n\n\n<p><\/p>\n\n\n\n<p><\/p>\n\n\n\n<p><\/p>\n\n\n\n<p>Har du udfordringer med din computers hastighed kan v\u00e6rkt\u00f8jet&nbsp;<a href=\"http:\/\/www.userbenchmark.com\/Software\" target=\"_blank\" rel=\"noreferrer noopener\"><strong><mark style=\"background-color:rgba(0, 0, 0, 0)\" class=\"has-inline-color has-primary-color\">UserBenchmark<\/mark><\/strong><\/a>&nbsp;benyttes. For at sammenligne arbejds-effektiviteten med nuv\u00e6rende computere \u2013 se under typen: \u201cWorkstation\u201d og hvis denne er&nbsp;r\u00f8d, er det tid til at udskifte.<\/p>\n\n\n\n<figure class=\"wp-block-image size-full is-resized\"><img loading=\"lazy\" decoding=\"async\" width=\"1096\" height=\"623\" src=\"https:\/\/it-secure.dk\/wp-content\/uploads\/2023\/08\/Benchmark.png\" alt=\"Computer reparation. Billed af test resultat p\u00e5 en gl. pc.\" class=\"wp-image-315\" style=\"width:895px;height:508px\" title=\"\"><\/figure>\n\n\n\n<p><\/p>\n\n\n\n<p><\/p>\n\n\n\n<h2 class=\"wp-block-heading\">Scan et netv\u00e6rk p\u00e5 f\u00e5 sekunder<\/h2>\n\n\n\n<p><a href=\"https:\/\/www.advanced-ip-scanner.com\/dk\/download\/\" target=\"_blank\" rel=\"noreferrer noopener\">Link til IP Scanner<\/a><\/p>\n\n\n\n<p><\/p>\n\n\n\n<h2 class=\"wp-block-heading\">Se din ip adrasse<\/h2>\n\n\n\n<p><a href=\"https:\/\/www.myip.com\/\" target=\"_blank\" rel=\"noreferrer noopener\">myip.com<\/a><\/p>\n\n\n\n<p><\/p>\n\n\n\n<h2 class=\"wp-block-heading\"><a href=\"https:\/\/it-secure.dk\/index.php\/installer-windows-11-uden-krav-til-microsoft-konto\/\">Installer Win 11 uden internet<\/a><\/h2>\n\n\n\n<p><a href=\"https:\/\/it-secure.dk\/index.php\/installer-windows-11-uden-microsoft-konto\/\" data-type=\"page\" data-id=\"631\">Installer Win 11 uden internet<\/a><\/p>\n\n\n\n<p><\/p>\n\n\n\n<p><a href=\"https:\/\/it-secure.dk\/index.php\/kontakt-med-it-secure\/\">Kontakt mig s\u00e5 vi kan f\u00e5 din pc op i gear igen.<\/a><\/p>\n","protected":false},"excerpt":{"rendered":"<p>fjernsupport Har du brug for teknisk support via fjernsupport ? Jeg kan via fjernskrivebord skabe [&hellip;]<\/p>\n","protected":false},"author":1,"featured_media":0,"parent":0,"menu_order":2,"comment_status":"closed","ping_status":"closed","template":"","meta":{"footnotes":""},"class_list":["post-24","page","type-page","status-publish","hentry"],"_links":{"self":[{"href":"https:\/\/it-secure.dk\/index.php\/wp-json\/wp\/v2\/pages\/24","targetHints":{"allow":["GET"]}}],"collection":[{"href":"https:\/\/it-secure.dk\/index.php\/wp-json\/wp\/v2\/pages"}],"about":[{"href":"https:\/\/it-secure.dk\/index.php\/wp-json\/wp\/v2\/types\/page"}],"author":[{"embeddable":true,"href":"https:\/\/it-secure.dk\/index.php\/wp-json\/wp\/v2\/users\/1"}],"replies":[{"embeddable":true,"href":"https:\/\/it-secure.dk\/index.php\/wp-json\/wp\/v2\/comments?post=24"}],"version-history":[{"count":37,"href":"https:\/\/it-secure.dk\/index.php\/wp-json\/wp\/v2\/pages\/24\/revisions"}],"predecessor-version":[{"id":785,"href":"https:\/\/it-secure.dk\/index.php\/wp-json\/wp\/v2\/pages\/24\/revisions\/785"}],"wp:attachment":[{"href":"https:\/\/it-secure.dk\/index.php\/wp-json\/wp\/v2\/media?parent=24"}],"curies":[{"name":"wp","href":"https:\/\/api.w.org\/{rel}","templated":true}]}}