{"id":12,"date":"2023-07-25T17:31:46","date_gmt":"2023-07-25T15:31:46","guid":{"rendered":"http:\/\/web.sjoenov.dk\/?page_id=2"},"modified":"2026-03-03T19:14:19","modified_gmt":"2026-03-03T17:14:19","slug":"priser-og-hvad-er-time-prisen","status":"publish","type":"page","link":"https:\/\/it-secure.dk\/index.php\/priser-og-hvad-er-time-prisen\/","title":{"rendered":"Time Priser eller klippekort"},"content":{"rendered":"\n<h2 class=\"wp-block-heading\">Priser<\/h2>\n\n\n\n<div class=\"wp-block-cover is-light\" style=\"min-height:363px;aspect-ratio:unset;\"><img loading=\"lazy\" decoding=\"async\" width=\"1024\" height=\"1026\" class=\"wp-block-cover__image-background wp-image-388\" alt=\"En it supporter med et headset.\nHvad med hvilke priser.\" src=\"https:\/\/it-secure.dk\/wp-content\/uploads\/2023\/08\/support.jpg\" data-object-fit=\"cover\" title=\"\"><span aria-hidden=\"true\" class=\"wp-block-cover__background has-background-dim\"><\/span><div class=\"wp-block-cover__inner-container is-layout-flow wp-block-cover-is-layout-flow\">\n<p class=\"has-text-align-center has-large-font-size\"><strong><mark style=\"background-color:rgba(0, 0, 0, 0)\" class=\"has-inline-color has-background-color\">For enkelt timer uden serviceaftale eller klippekort g\u00e6lder f\u00f8lgende priser i skemaet herunder:<\/mark><\/strong><\/p>\n<\/div><\/div>\n\n\n\n<figure class=\"wp-block-table\"><table><tbody><tr><td><strong>Arbejdsopgaver:<\/strong><\/td><td>&nbsp;<\/td><td>Timepriser:<\/td><\/tr><tr><td>&nbsp;<\/td><td>&nbsp;<\/td><td>&nbsp;<\/td><\/tr><tr><td><strong>Online<\/strong>&nbsp;Support (Fjernsupport)<br>(via nettet\/telefon \u2013 min. 10. minutter.)<sup>1<\/sup><\/td><td>&nbsp;<\/td><td>Dkk 745,-<br>596 + moms<\/td><\/tr><tr><td><strong>On-site<\/strong>&nbsp;Support (p\u00e5 jeres adresse)<sup>2<\/sup><\/td><td>&nbsp;<\/td><td>Dkk 745,-<br>596 + moms*<\/td><\/tr><tr><td>Fejlfinding (Gratis ved accept af reparation)<\/td><td>&nbsp;<\/td><td>Dkk 745,-<br>596 + moms<\/td><\/tr><tr><td>Fjernelse af Virus og Malware<br>(Inkl. 1 \u00e5rs Antivirus)<\/td><td>&nbsp;<\/td><td>Dkk 875,-<br>700 + moms<\/td><\/tr><tr><td>Ved indlevering \/ reparation afregnes pr. hele servicetime<\/td><td>&nbsp;<\/td><td>Dkk 745,-<br>596 + moms<\/td><\/tr><tr><td>Backup af kundedata fra b\u00e6rbar ved indlevering til reparation (inkl. Ekstern harddisk 500GB)<\/td><td>&nbsp;<\/td><td>Dkk 1595,00<\/td><\/tr><tr><td><sup>1<\/sup>Mindste online afregning er pr. p\u00e5begyndte 15. minut. ved fjernsupport \u2013 Det er en let og billig l\u00f8sning p\u00e5 det som kan l\u00f8ses hurtigt over nettet.<\/td><td>&nbsp;<\/td><td>(Dkk 12 pr. minut)<\/td><\/tr><tr><td>Alle priser ekskl. Moms.<\/td><td>&nbsp;<\/td><td>&nbsp;<\/td><\/tr><\/tbody><\/table><\/figure>\n\n\n\n<h2 class=\"wp-block-heading\">Klippekort<\/h2>\n\n\n\n<p><strong>Support klippekort med 20 klip af 15 min = 5 timer.<\/strong><br>Et klip har en v\u00e6rdi af 120 kr. og du sparer ialt 575,- kr. p\u00e5 normalprisen (2.975,- Kr.).<br>Pris: 2.400,- kr.<br><br><strong>Support Klippekort med 40 klip af 15 min = 10 timer.<\/strong><br>Et klip har en v\u00e6rdi af 110 kr og du sparer ialt 1.550,- kr. p\u00e5 normalprisen (5.950,- Kr.).<br>Pris: 4.400,- kr.<br><br><strong>Support Klippekort med 100 klip af 15 min = 25 timer.<\/strong><br>Et klip har en v\u00e6rdi af 100,- kr og du sparer ialt 4.875,- kr. p\u00e5 normalprisen (14.875,- Kr.).<br>Pris: 10.000,- kr.<br><br>IT support tilbydes via tlf., mail, fjernstyring, Udk\u00f8rsel faktureres for 30 min. p\u00e5 Fyn.<br><br><strong>Betingelser vedr. klippekort:<\/strong><br>1 klip er 15 minutter og der klippes pr. p\u00e5begyndt kvarter. Klippekort skal v\u00e6re bestilt og betalt inden p\u00e5begyndelse af en given opgave.<br>Efter hver gang der tages klip fra klippekortet, sendes der en mail om antallet af<br>Hvorfor er et support klippekort noget for dig?&nbsp;<strong>Ved at k\u00f8be et klippekort hos IT-Secure, kan du spare op til 32% p\u00e5 timeprisen<\/strong>. N\u00e5r du k\u00f8ber et klippekort hos os, s\u00e5 forudbetaler du klippekortet, med det antal timer du har brug for, og s\u00e5 bliver du ikke faktureret yderligere n\u00e5r du har brug for hj\u00e6lp.<br><br><sup>2<\/sup>Prisen er inkl. transport (*Mindste afregning ved On-site support er 1 time). Der er mulighed for at betale kontant, Mobilepay og via bank overf\u00f8rsel. <br>Priser er pr. 01-01-2023 (alle rettigheder forbeholdt).<\/p>\n\n\n\n<p><a href=\"https:\/\/it-secure.dk\">Tilbage til forsiden.<\/a><\/p>\n","protected":false},"excerpt":{"rendered":"<p>Priser Arbejdsopgaver: &nbsp; Timepriser: &nbsp; &nbsp; &nbsp; Online&nbsp;Support (Fjernsupport)(via nettet\/telefon \u2013 min. 10. minutter.)1 &nbsp; [&hellip;]<\/p>\n","protected":false},"author":1,"featured_media":0,"parent":0,"menu_order":0,"comment_status":"closed","ping_status":"closed","template":"","meta":{"footnotes":""},"class_list":["post-12","page","type-page","status-publish","hentry"],"_links":{"self":[{"href":"https:\/\/it-secure.dk\/index.php\/wp-json\/wp\/v2\/pages\/12","targetHints":{"allow":["GET"]}}],"collection":[{"href":"https:\/\/it-secure.dk\/index.php\/wp-json\/wp\/v2\/pages"}],"about":[{"href":"https:\/\/it-secure.dk\/index.php\/wp-json\/wp\/v2\/types\/page"}],"author":[{"embeddable":true,"href":"https:\/\/it-secure.dk\/index.php\/wp-json\/wp\/v2\/users\/1"}],"replies":[{"embeddable":true,"href":"https:\/\/it-secure.dk\/index.php\/wp-json\/wp\/v2\/comments?post=12"}],"version-history":[{"count":15,"href":"https:\/\/it-secure.dk\/index.php\/wp-json\/wp\/v2\/pages\/12\/revisions"}],"predecessor-version":[{"id":791,"href":"https:\/\/it-secure.dk\/index.php\/wp-json\/wp\/v2\/pages\/12\/revisions\/791"}],"wp:attachment":[{"href":"https:\/\/it-secure.dk\/index.php\/wp-json\/wp\/v2\/media?parent=12"}],"curies":[{"name":"wp","href":"https:\/\/api.w.org\/{rel}","templated":true}]}}